{"id":21,"date":"2024-06-18T22:56:00","date_gmt":"2024-06-18T22:56:00","guid":{"rendered":"https:\/\/majuvi.mundocalidad.com\/?page_id=21"},"modified":"2024-06-18T22:56:00","modified_gmt":"2024-06-18T22:56:00","slug":"productos","status":"publish","type":"page","link":"https:\/\/majuvi.mundocalidad.com\/index.php\/productos\/","title":{"rendered":"Productos"},"content":{"rendered":"\n<h2 class=\"wp-block-heading\">Nuestros Servicios<\/h2>\n\n\n\n<h3 class=\"wp-block-heading\">Captaci\u00f3n<\/h3>\n\n\n\n<p>Nos dedicamos a la captaci\u00f3n de agua mineral natural directamente de fuentes protegidas y sostenibles. Estas fuentes est\u00e1n ubicadas en entornos naturales pr\u00edstinos, lo que garantiza que el agua que llega a usted sea pura y rica en minerales esenciales.<\/p>\n\n\n\n<h3 class=\"wp-block-heading\">Purificaci\u00f3n<\/h3>\n\n\n\n<p>Nuestro proceso de purificaci\u00f3n avanzado asegura que cada gota de agua que envasamos est\u00e9 libre de impurezas y contaminantes, manteniendo sus propiedades minerales naturales intactas.<\/p>\n\n\n\n<h3 class=\"wp-block-heading\">Desinfecci\u00f3n<\/h3>\n\n\n\n<p>Implementamos rigurosos m\u00e9todos de desinfecci\u00f3n para garantizar que nuestro agua sea segura para el consumo. Utilizamos tecnolog\u00eda de \u00faltima generaci\u00f3n para eliminar cualquier microorganismo sin alterar la pureza y el sabor del agua.<\/p>\n\n\n\n<h3 class=\"wp-block-heading\">Envasado<\/h3>\n\n\n\n<p>El agua mineral es envasada en nuestras instalaciones bajo estrictas normas de higiene y calidad. Utilizamos materiales ecol\u00f3gicos y sostenibles para minimizar nuestro impacto ambiental.<\/p>\n\n\n\n<h3 class=\"wp-block-heading\">Distribuci\u00f3n<\/h3>\n\n\n\n<p>Contamos con una red de distribuci\u00f3n eficiente que nos permite llevar nuestro producto a todo Paraguay. Nos aseguramos de que el agua llegue a nuestros clientes en perfectas condiciones, lista para ser disfrutada.<\/p>\n\n\n\n<h3 class=\"wp-block-heading\">Comercializaci\u00f3n<\/h3>\n\n\n\n<p>En MAJUVI S.A., nos esforzamos por ofrecer un excelente servicio al cliente y productos de alta calidad. Trabajamos con una variedad de puntos de venta y distribuidores para que nuestra agua mineral est\u00e9 disponible donde y cuando la necesite.<\/p>\n","protected":false},"excerpt":{"rendered":"<p>Nuestros Servicios Captaci\u00f3n Nos dedicamos a la captaci\u00f3n de agua mineral natural directamente de fuentes protegidas y sostenibles. Estas fuentes est\u00e1n ubicadas en entornos naturales [&hellip;]<\/p>\n","protected":false},"author":1,"featured_media":0,"parent":0,"menu_order":0,"comment_status":"closed","ping_status":"closed","template":"","meta":{"footnotes":""},"class_list":["post-21","page","type-page","status-publish","hentry"],"_links":{"self":[{"href":"https:\/\/majuvi.mundocalidad.com\/index.php\/wp-json\/wp\/v2\/pages\/21","targetHints":{"allow":["GET"]}}],"collection":[{"href":"https:\/\/majuvi.mundocalidad.com\/index.php\/wp-json\/wp\/v2\/pages"}],"about":[{"href":"https:\/\/majuvi.mundocalidad.com\/index.php\/wp-json\/wp\/v2\/types\/page"}],"author":[{"embeddable":true,"href":"https:\/\/majuvi.mundocalidad.com\/index.php\/wp-json\/wp\/v2\/users\/1"}],"replies":[{"embeddable":true,"href":"https:\/\/majuvi.mundocalidad.com\/index.php\/wp-json\/wp\/v2\/comments?post=21"}],"version-history":[{"count":1,"href":"https:\/\/majuvi.mundocalidad.com\/index.php\/wp-json\/wp\/v2\/pages\/21\/revisions"}],"predecessor-version":[{"id":22,"href":"https:\/\/majuvi.mundocalidad.com\/index.php\/wp-json\/wp\/v2\/pages\/21\/revisions\/22"}],"wp:attachment":[{"href":"https:\/\/majuvi.mundocalidad.com\/index.php\/wp-json\/wp\/v2\/media?parent=21"}],"curies":[{"name":"wp","href":"https:\/\/api.w.org\/{rel}","templated":true}]}}