{"id":19,"date":"2024-06-18T22:53:30","date_gmt":"2024-06-18T22:53:30","guid":{"rendered":"https:\/\/majuvi.mundocalidad.com\/?page_id=19"},"modified":"2024-06-18T22:53:30","modified_gmt":"2024-06-18T22:53:30","slug":"nosotros","status":"publish","type":"page","link":"https:\/\/majuvi.mundocalidad.com\/index.php\/nosotros\/","title":{"rendered":"Nosotros"},"content":{"rendered":"\n<h3 class=\"wp-block-heading\">Nuestra Misi\u00f3n<\/h3>\n\n\n\n<p>En MAJUVI S.A., estamos comprometidos a proporcionar agua mineral natural y agua mineral gasificada de la m\u00e1s alta calidad. Nuestra misi\u00f3n es ofrecer productos que no solo sean refrescantes y saludables, sino que tambi\u00e9n respeten el medio ambiente y promuevan el bienestar de nuestras comunidades.<\/p>\n\n\n\n<h3 class=\"wp-block-heading\">Nuestra Visi\u00f3n<\/h3>\n\n\n\n<p>Convertirnos en el distribuidor de agua embasada m\u00e1s importante de Paraguay, reconocidos por la calidad en el servicio y por la excelencia de nuestros productos envasados.<\/p>\n\n\n\n<h3 class=\"wp-block-heading\">Nuestro Valores<\/h3>\n\n\n\n<h4 class=\"wp-block-heading\">1. <strong>Calidad<\/strong><\/h4>\n\n\n\n<p>Nos comprometemos a ofrecer productos de la m\u00e1s alta calidad, asegurando que cada botella de agua mineral cumpla con los est\u00e1ndares m\u00e1s rigurosos de pureza y sabor.<\/p>\n\n\n\n<h4 class=\"wp-block-heading\">2. <strong>Inocuidad<\/strong><\/h4>\n\n\n\n<p>Garantizamos la seguridad de nuestros productos mediante un sistema de gesti\u00f3n de la inocuidad alimentaria que protege la salud de nuestros consumidores en cada etapa del proceso.<\/p>\n\n\n\n<h4 class=\"wp-block-heading\">3. <strong>Sostenibilidad<\/strong><\/h4>\n\n\n\n<p>Implementamos pr\u00e1cticas responsables y sostenibles en todas nuestras operaciones, desde la captaci\u00f3n de agua hasta el envasado, para minimizar nuestro impacto ambiental.<\/p>\n\n\n\n<h4 class=\"wp-block-heading\">4. <strong>Innovaci\u00f3n<\/strong><\/h4>\n\n\n\n<p>Nos esforzamos por estar a la vanguardia de la industria, adoptando tecnolog\u00edas y procesos innovadores que mejoran continuamente la eficiencia y la calidad de nuestros productos.<\/p>\n\n\n\n<h4 class=\"wp-block-heading\">5. <strong>Transparencia<\/strong><\/h4>\n\n\n\n<p>Operamos con total transparencia, proporcionando informaci\u00f3n clara y accesible sobre nuestros procesos y productos, lo que genera confianza y lealtad entre nuestros clientes.<\/p>\n\n\n\n<h4 class=\"wp-block-heading\">6. <strong>Compromiso con la Comunidad<\/strong><\/h4>\n\n\n\n<p>Nos dedicamos a apoyar y contribuir positivamente a las comunidades en las que operamos, a trav\u00e9s de iniciativas que promuevan el bienestar social y el desarrollo econ\u00f3mico.<\/p>\n\n\n\n<h3 class=\"wp-block-heading\">Ubicaci\u00f3n<\/h3>\n\n\n\n<p>Nos encontramos en la calle Per\u00f3n y el Trabajador, Asunci\u00f3n, Paraguay. Desde esta ubicaci\u00f3n estrat\u00e9gica, servimos a nuestros clientes con eficiencia y dedicaci\u00f3n.<\/p>\n\n\n\n<p><\/p>\n","protected":false},"excerpt":{"rendered":"<p>Nuestra Misi\u00f3n En MAJUVI S.A., estamos comprometidos a proporcionar agua mineral natural y agua mineral gasificada de la m\u00e1s alta calidad. Nuestra misi\u00f3n es ofrecer [&hellip;]<\/p>\n","protected":false},"author":1,"featured_media":0,"parent":0,"menu_order":0,"comment_status":"closed","ping_status":"closed","template":"","meta":{"footnotes":""},"class_list":["post-19","page","type-page","status-publish","hentry"],"_links":{"self":[{"href":"https:\/\/majuvi.mundocalidad.com\/index.php\/wp-json\/wp\/v2\/pages\/19","targetHints":{"allow":["GET"]}}],"collection":[{"href":"https:\/\/majuvi.mundocalidad.com\/index.php\/wp-json\/wp\/v2\/pages"}],"about":[{"href":"https:\/\/majuvi.mundocalidad.com\/index.php\/wp-json\/wp\/v2\/types\/page"}],"author":[{"embeddable":true,"href":"https:\/\/majuvi.mundocalidad.com\/index.php\/wp-json\/wp\/v2\/users\/1"}],"replies":[{"embeddable":true,"href":"https:\/\/majuvi.mundocalidad.com\/index.php\/wp-json\/wp\/v2\/comments?post=19"}],"version-history":[{"count":1,"href":"https:\/\/majuvi.mundocalidad.com\/index.php\/wp-json\/wp\/v2\/pages\/19\/revisions"}],"predecessor-version":[{"id":20,"href":"https:\/\/majuvi.mundocalidad.com\/index.php\/wp-json\/wp\/v2\/pages\/19\/revisions\/20"}],"wp:attachment":[{"href":"https:\/\/majuvi.mundocalidad.com\/index.php\/wp-json\/wp\/v2\/media?parent=19"}],"curies":[{"name":"wp","href":"https:\/\/api.w.org\/{rel}","templated":true}]}}